{"id":4553,"date":"2024-08-27T07:55:20","date_gmt":"2024-08-27T05:55:20","guid":{"rendered":"https:\/\/new.dailyrituals.de\/?page_id=4553"},"modified":"2025-12-09T06:04:10","modified_gmt":"2025-12-09T05:04:10","slug":"affiliate-links-hinweis","status":"publish","type":"page","link":"https:\/\/lanuvi.com\/de\/affiliate-links-hinweis\/","title":{"rendered":"Affiliate Disclosure"},"content":{"rendered":"\n<div class=\"wp-block-rank-math-toc-block\" id=\"rank-math-toc\"><h2>In diesem Artikel<\/h2><nav><ol><li><a href=\"#1-was-sind-affiliate-links\">1. Was sind Affiliate-Links?<\/a><\/li><li><a href=\"#2-warum-wir-bestimmte-affiliate-programme-wahlen\">2. Warum wir bestimmte Affiliate-Programme w\u00e4hlen<\/a><\/li><li><a href=\"#3-transparenz-ist-uns-wichtig\">3. Transparenz ist uns wichtig<\/a><\/li><li><a href=\"#4-ehrliche-bewertungen-darauf-kannst-du-dich-verlassen\">4. Ehrliche Bewertungen \u2013 darauf kannst du dich verlassen<\/a><\/li><li><a href=\"#5-datenschutz\">5. Datenschutz<\/a><\/li><li><a href=\"#6-fragen-immer-her-damit\">6. Fragen? Immer her damit!<\/a><\/li><li><a href=\"#7-offenlegung-auf-der-seite\">7. Offenlegung auf der Seite<\/a><\/li><\/ol><\/nav><\/div>\n\n\n\n<h1 class=\"wp-block-heading\" id=\"affiliate-hinweis-daily-rituals\">Affiliate-Hinweis Lanuvi<\/h1>\n\n\n\n<p><strong>Lanuvi<\/strong>&nbsp;wurde gegr\u00fcndet aus der \u00dcberzeugung, dass nachhaltige Gesundheit, mentale St\u00e4rke und innere Balance zentrale Bestandteile eines erf\u00fcllten Lebens sind. Wissen allein reicht dabei oft nicht \u2013 es kommt darauf an, es ins Leben zu bringen. Deshalb kuratiert Lanuvi fundierte, klar strukturierte Inhalte, die helfen, das Wesentliche zu erkennen und alltagstauglich umzusetzen. Unsere Autor*<em>innen<\/em>&nbsp;und Fachquellen vereinen aktuelle Erkenntnisse mit praktischer Relevanz \u2013 ob es um Schlaf, Hormonbalance, mentale Resilienz oder moderne Longevity geht.<\/p>\n\n\n\n<p><br>Heute erreicht Lanuvi monatlich \u00fcber&nbsp;<em>500.000 Leser<\/em>innen weltweit \u2013 Menschen, die ihr Leben bewusst gestalten m\u00f6chten \u2013 mit Tiefe, Klarheit und einem langfristigen Fokus auf Wohlbefinden.<\/p>\n\n\n\n<h2 class=\"wp-block-heading\" id=\"1-was-sind-affiliate-links\">1. Was sind Affiliate-Links?<\/h2>\n\n\n\n<p>Affiliate-Links sind spezielle Links, \u00fcber die wir eine kleine Provision verdienen, wenn du nach dem Klicken ein Produkt oder eine Dienstleistung kaufst. Diese Einnahmen helfen uns, die Seite zu finanzieren und weiterhin hilfreiche Inhalte f\u00fcr dich zu erstellen. Wichtig: Der Preis bleibt f\u00fcr dich immer gleich, ob du \u00fcber unseren Link oder direkt auf die Website gehst.<\/p>\n\n\n\n<h2 class=\"wp-block-heading\" id=\"2-warum-wir-bestimmte-affiliate-programme-wahlen\">2. Warum wir bestimmte Affiliate-Programme w\u00e4hlen<\/h2>\n\n\n\n<p>Wir w\u00e4hlen unsere Affiliate-Partner sorgf\u00e4ltig aus. Hier sind ein paar Dinge, auf die wir dabei achten:<\/p>\n\n\n\n<ul class=\"wp-block-list\">\n<li><strong>Relevanz<\/strong>: Die Produkte oder Dienstleistungen passen zu dem, wor\u00fcber wir schreiben \u2013 also Achtsamkeit, Gesundheit, Ern\u00e4hrung und Wellness.<\/li>\n\n\n\n<li><strong>Qualit\u00e4t<\/strong>: Wir testen und pr\u00fcfen die Produkte gr\u00fcndlich, um sicherzustellen, dass sie unseren Standards entsprechen.<\/li>\n\n\n\n<li><strong>Mehrwert<\/strong>: Uns ist wichtig, dass das, was wir empfehlen, dir auch wirklich weiterhilft und deinen Alltag verbessert.<\/li>\n<\/ul>\n\n\n\n<h2 class=\"wp-block-heading\" id=\"3-transparenz-ist-uns-wichtig\">3. Transparenz ist uns wichtig<\/h2>\n\n\n\n<p>Uns ist wichtig, dass du verstehst, wie wir Geld verdienen. Wenn du \u00fcber einen Affiliate-Link etwas kaufst, bekommen wir eine Provision. Diese hilft uns, unsere Inhalte zu finanzieren. Der Preis f\u00fcr dich bleibt dabei gleich \u2013 du zahlst also keinen Cent mehr.<\/p>\n\n\n\n<h2 class=\"wp-block-heading\" id=\"4-ehrliche-bewertungen-darauf-kannst-du-dich-verlassen\">4. Ehrliche Bewertungen \u2013 darauf kannst du dich verlassen<\/h2>\n\n\n\n<p>Bei Lanuvi legen wir gro\u00dfen Wert auf ehrliche und faire Bewertungen. Unabh\u00e4ngig davon, ob wir eine Provision verdienen, stehen unsere pers\u00f6nlichen Erfahrungen und echte Meinungen im Vordergrund. Damit du dir sicher sein kannst, dass unsere Empfehlungen authentisch sind:<\/p>\n\n\n\n<ul class=\"wp-block-list\">\n<li>Offenbaren wir, wenn es sich um Affiliate-Links oder gesponserte Inhalte handelt.<\/li>\n\n\n\n<li>Teilen wir unsere echten Erfahrungen mit den Produkten.<\/li>\n\n\n\n<li>Testen mehrere Personen die Produkte, um verschiedene Meinungen und Perspektiven zu bekommen.<\/li>\n\n\n\n<li>Besprechen wir sowohl die positiven als auch die negativen Seiten.<\/li>\n\n\n\n<li>Aktualisieren wir unsere Bewertungen regelm\u00e4\u00dfig, falls sich an den Produkten was \u00e4ndert.<\/li>\n<\/ul>\n\n\n\n<h2 class=\"wp-block-heading\" id=\"5-datenschutz\">5. Datenschutz<\/h2>\n\n\n\n<p>Deine Privatsph\u00e4re ist uns super wichtig. Wenn du auf einen Affiliate-Link klickst, bleibt deine Privatsph\u00e4re gesch\u00fctzt. Wir haben keinen Zugang zu deinen pers\u00f6nlichen Daten, und wir tracken auch nicht, was du sonst noch im Netz machst. Mehr dazu findest du in unserer Datenschutzrichtlinie.<\/p>\n\n\n\n<h2 class=\"wp-block-heading\" id=\"6-fragen-immer-her-damit\">6. Fragen? Immer her damit!<\/h2>\n\n\n\n<p>Wenn du Fragen oder Bedenken hast, z\u00f6gere nicht, uns zu kontaktieren. Dein Feedback ist uns total wichtig! Am besten erreichst du uns \u00fcber die Kontaktseite.<\/p>\n\n\n\n<h2 class=\"wp-block-heading\" id=\"7-offenlegung-auf-der-seite\">7. Offenlegung auf der Seite<\/h2>\n\n\n\n<p>Wir m\u00f6chten immer transparent sein. Deshalb findest du unseren Affiliate-Hinweis im Footer der Website und am Ende jedes Artikels, der Affiliate-Links enth\u00e4lt. So wei\u00dft du immer Bescheid, bevor du dich f\u00fcr einen Kauf entscheidest.<\/p>\n","protected":false},"excerpt":{"rendered":"<p>Affiliate-Hinweis Lanuvi Lanuvi&nbsp;wurde gegr\u00fcndet aus der \u00dcberzeugung, dass nachhaltige Gesundheit, mentale St\u00e4rke und innere Balance zentrale Bestandteile eines erf\u00fcllten Lebens sind. Wissen allein reicht dabei oft nicht \u2013 es kommt darauf an, es ins Leben zu bringen. Deshalb kuratiert Lanuvi fundierte, klar strukturierte Inhalte, die helfen, das Wesentliche zu erkennen und alltagstauglich umzusetzen. Unsere Autor*innen&nbsp;und [&hellip;]<\/p>\n","protected":false},"author":3,"featured_media":0,"parent":0,"menu_order":0,"comment_status":"closed","ping_status":"closed","template":"page-templates\/boxed-page-template.php","meta":{"_acf_changed":false,"inline_featured_image":false,"footnotes":""},"class_list":["post-4553","page","type-page","status-publish","hentry"],"acf":[],"_links":{"self":[{"href":"https:\/\/lanuvi.com\/de\/wp-json\/wp\/v2\/pages\/4553","targetHints":{"allow":["GET"]}}],"collection":[{"href":"https:\/\/lanuvi.com\/de\/wp-json\/wp\/v2\/pages"}],"about":[{"href":"https:\/\/lanuvi.com\/de\/wp-json\/wp\/v2\/types\/page"}],"author":[{"embeddable":true,"href":"https:\/\/lanuvi.com\/de\/wp-json\/wp\/v2\/users\/3"}],"replies":[{"embeddable":true,"href":"https:\/\/lanuvi.com\/de\/wp-json\/wp\/v2\/comments?post=4553"}],"version-history":[{"count":6,"href":"https:\/\/lanuvi.com\/de\/wp-json\/wp\/v2\/pages\/4553\/revisions"}],"predecessor-version":[{"id":41858,"href":"https:\/\/lanuvi.com\/de\/wp-json\/wp\/v2\/pages\/4553\/revisions\/41858"}],"wp:attachment":[{"href":"https:\/\/lanuvi.com\/de\/wp-json\/wp\/v2\/media?parent=4553"}],"curies":[{"name":"wp","href":"https:\/\/api.w.org\/{rel}","templated":true}]}}